{"id":260994,"date":"2025-02-21T14:10:07","date_gmt":"2025-02-21T12:10:07","guid":{"rendered":"https:\/\/dev.robertinstal.ro\/wp51\/?page_id=260994"},"modified":"2025-02-21T14:20:58","modified_gmt":"2025-02-21T12:20:58","slug":"termeni-si-conditii","status":"publish","type":"page","link":"https:\/\/dev.robertinstal.ro\/wp51\/termeni-si-conditii\/","title":{"rendered":"Termeni \u0219i condi\u021bii"},"content":{"rendered":"<p>[et_pb_section fb_built=&#8221;1&#8243; _builder_version=&#8221;4.27.4&#8243; _module_preset=&#8221;default&#8221; global_colors_info=&#8221;{}&#8221; theme_builder_area=&#8221;post_content&#8221;][et_pb_row _builder_version=&#8221;4.27.4&#8243; _module_preset=&#8221;default&#8221; global_colors_info=&#8221;{}&#8221; theme_builder_area=&#8221;post_content&#8221;][et_pb_column type=&#8221;4_4&#8243; _builder_version=&#8221;4.27.4&#8243; _module_preset=&#8221;default&#8221; global_colors_info=&#8221;{}&#8221; theme_builder_area=&#8221;post_content&#8221;][et_pb_text _builder_version=&#8221;4.27.4&#8243; _module_preset=&#8221;default&#8221; header_font=&#8221;|700|||||||&#8221; hover_enabled=&#8221;0&#8243; global_colors_info=&#8221;{}&#8221; theme_builder_area=&#8221;post_content&#8221; sticky_enabled=&#8221;0&#8243;]<\/p>\n<h1>Termeni \u0219i condi\u021bii<\/h1>\n<p>&nbsp;<\/p>\n<ol><\/ol>\n<p><b>ACCEPTAREA CONDI\u021aIILOR<\/b><\/p>\n<p><span style=\"font-weight: 400;\">Prin accesarea acestui site web \u0219i\/sau a oric\u0103rei pagini a acestuia sunte\u021bi de acord cu aceste condi\u021bii de utilizare. Dac\u0103 nu sunte\u021bi de acord cu ace\u0219ti termeni \u0219i condi\u021bii de utilizare, nu accesa\u021bi acest website.<\/span><\/p>\n<p><b>DESCRIEREA SERVICIILOR<\/b><\/p>\n<p><span style=\"font-weight: 400;\">Site-ul nostru v\u0103 pune la dispozi\u021bie informa\u021biile \u00een scop informativ general \u0219i nu garanteaz\u0103 de exactitatea lor la un moment dat, de\u0219i se va \u00eencerca pe c\u00e2t posibil ca la publicarea lor pe site, toate informa\u021biile s\u0103 fie exacte.<\/span><span style=\"font-weight: 400;\"><\/p>\n<p><\/span><\/p>\n<p><b>INTRODUCERE<\/b><\/p>\n<p><span style=\"font-weight: 400;\">Prezentele Condi\u021bii Generale definesc condi\u021biile de utilizare a site-ului www.robertinstal.ro de c\u0103tre poten\u021bialii vizitatori sau clien\u021bi. Acces\u00e2nd \u0219i navig\u00e2nd pe acest site, accepta\u021bi termenii de utilizare descri\u0219i \u00een continuare.<\/span><\/p>\n<p><b>DREPTURILE ASUPRA CON\u021aINUTULUI SITE-ULUI<\/b><\/p>\n<p><span style=\"font-weight: 400;\">ROBERT INSTAL SRL (denumit\u0103 \u00een continuare Robert Instal), nu va transfera titlul de proprietate asupra aplica\u021biilor software.<\/span><\/p>\n<p><span style=\"font-weight: 400;\">Robert Instal de\u021bine drepturi complete \u0219i depline asupra titlului de proprietate \u0219i prin aceasta toate drepturile de autor \u0219i cele brevetate. Nu ave\u021bi dreptul s\u0103 redistribui\u021bi, vinde\u021bi, decompila\u021bi, dezasambla\u021bi aplica\u021bia software \u00eentr-o form\u0103 perceptibil\u0103 de c\u0103tre oameni.<\/span><\/p>\n<p><span style=\"font-weight: 400;\">Toate informa\u021biile, produsele sau aplica\u021biile con\u021binute \u00een acest site sunt proprietatea Robert Instal, care \u00ee\u0219i rezerv\u0103 dreptul de a modifica con\u021binutul \u0219i\/sau structura site-ului \u00een orice moment \u0219i f\u0103r\u0103 nici o informare prealabil\u0103.<\/span><\/p>\n<p><span style=\"font-weight: 400;\">\u00centregul con\u021binut al site-ului www.robertinstal.ro este protejat prin legea drepturilor de autor, toate drepturile fiind rezervate. Toate drepturile referitoare la pagini, con\u021binutul \u0219i prezentarea site-ului sunt de\u021binute de Robert Instal. Este interzis\u0103 copierea, modificarea, afi\u0219area, distribuirea, transmiterea, publicarea, comercializarea, licentierea, crearea unor materiale derivate sau utilizarea con\u021binutului site-ului \u00een orice scop f\u0103r\u0103 confirmarea scris\u0103 din partea Robert Instal.<\/span><\/p>\n<p><span style=\"font-weight: 400;\">Accesul \u0219i utilizarea paginii www.robertinstal.ro sunt gratuite \u0219i au scopul de a veni \u00een ajutorul utilizatorilor pentru a g\u0103si informa\u021biile necesare \u00een cel mai u\u0219or \u0219i rapid mod posibil, conform cerin\u021belor fiec\u0103ruia.<\/span><\/p>\n<p><span style=\"font-weight: 400;\">Informa\u021biile prezente pe www.robertinstal.ro sunt de interes general \u0219i sunt puse la dispozi\u021bia utilizatorilor \u00een mod gratuit. Prin termenul \u201eutilizator\u201d al acestei pagini se \u00een\u021belege orice persoan\u0103 fizic\u0103 sau juridic\u0103 care va accesa pagina. Pute\u021bi copia \u0219i tip\u0103rii con\u021binutul paginii www.robertinstal.ro pentru folosin\u021ba dumneavoastr\u0103 personal\u0103, f\u0103r\u0103 inten\u021bii comerciale. \u00cen orice alte situa\u021bii, con\u021binutul www.robertinstal.ro nu poate fi reprodus, modificat sau exploatat f\u0103r\u0103 consim\u021b\u0103m\u00e2ntul explicit al reprezentan\u021bilor www.robertinstal.ro.<\/span><\/p>\n<p><span style=\"font-weight: 400;\"><\/p>\n<p><\/span><\/p>\n<p><b>NEANGAJAREA R\u0102SPUNDERII<\/b><b><br \/><\/b><span style=\"font-weight: 400;\">Con\u021binutul informa\u021biilor se refer\u0103 la descrierea \u00eentr-un anumit grad de detaliere a activit\u0103\u021bilor, produselor \u0219i serviciilor Robert Instal. Robert Instal nu va acorda nici o garan\u021bie referitoare la:<\/span><\/p>\n<ul>\n<li style=\"font-weight: 400;\" aria-level=\"1\"><span style=\"font-weight: 400;\">evitarea utiliz\u0103rii anevoioase sau \u00eentreruperii \u00een utilizare a site-ului;<\/span><\/li>\n<li style=\"font-weight: 400;\" aria-level=\"1\"><span style=\"font-weight: 400;\">neafectarea \u00een sens negativ a altor sisteme prin utilizarea site-ului;<\/span><\/li>\n<li style=\"font-weight: 400;\" aria-level=\"1\"><span style=\"font-weight: 400;\">inexisten\u021ba pe site-ul pus la dispozi\u021bie a viru\u0219ilor sau alte componente care ar putea dauna utilizatorilor.<\/span><\/li>\n<\/ul>\n<p><span style=\"font-weight: 400;\">Astfel, Robert Instal nu poate fi responsabil\u0103 pentru nici un fel de daune directe sau indirecte produse prin utilizarea site-ului sau.<\/span><\/p>\n<p><span style=\"font-weight: 400;\">Toate informa\u021biile prezentate pe site cu privire la produsele www.robertinstal.ro, pre\u021buri, informa\u021bii, campanii \u0219i promo\u021bii de marketing, aspecte tehnice, sunt prezentate cu titlu informativ. Nimic din con\u021binutul site-ului www.robertinstal.ro nu poate constitui o ofert\u0103 ferm\u0103 de a contracta \u0219i nu poate angaja r\u0103spunderea Robert Instal \u00een lipsa unor acorduri ulterioare.<\/span><\/p>\n<p><span style=\"font-weight: 400;\">Con\u021binutul paginii web www.robertinstal.ro, a informa\u021biilor \u0219i a altor materiale prezentate de Comunitatea www.robertinstal.ro nu reprezint\u0103 o consulta\u021bie juridic\u0103 \u00een sensul Legii nr. 51\/1995.<\/span><\/p>\n<p><span style=\"font-weight: 400;\">www.robertinstal.ro nu face nicio declara\u021bie, promisiune sau garan\u021bie cu privire la exactitatea, exhaustivitatea sau caracterul adecvat al prezentului con\u021binut, al \u00eendrum\u0103rilor \u0219i a consultan\u021bei, nu \u00ee\u0219i asum\u0103 nicio obliga\u021bie de rezultat sau diligen\u021b\u0103 fa\u021b\u0103 de nicio persoan\u0103, exclud \u00een mod expres \u0219i neag\u0103 r\u0103spunderea pentru orice cost, pierdere sau daunele suferite ca urmare a utiliz\u0103rii con\u021binutului.<\/span><\/p>\n<p><span style=\"font-weight: 400;\"><\/p>\n<p><\/span><\/p>\n<p><b>OBIECTIVUL<\/b><b><br \/><\/b><span style=\"font-weight: 400;\">Obiectivul con\u021binutului site-ului este de a transmite informa\u021bii actualizate \u0219i exacte.<\/span><\/p>\n<p><span style=\"font-weight: 400;\">Robert Instal nu poate garanta c\u0103 prezentele pagini nu con\u021bin erori, \u0219i asigur\u0103 c\u0103 va depune toate diligen\u021bele pentru realizarea unei inform\u0103ri corecte \u0219i remedierea eventualelor erori.<\/span><\/p>\n<p><span style=\"font-weight: 400;\">Orice persoan\u0103 care dore\u0219te s\u0103-\u0219i procure unul din serviciile sau produsele prezentate \u00een site este rugat\u0103 s\u0103 contacteze Robert Instal prin unul din mijloacele afi\u0219ate \u00een pagina de Contact a site-ului, pentru a se informa at\u00e2t asupra disponibilit\u0103\u021bii serviciului sau produsului \u00een cauz\u0103 c\u00e2t \u0219i asupra condi\u021biilor contractuale, tarifelor \u0219i informa\u021biilor tehnice sau de alt\u0103 natur\u0103.<\/span><\/p>\n<p><span style=\"font-weight: 400;\"><\/p>\n<p><\/span><\/p>\n<p><b>INFORMA\u021aII PERSONALE<\/b><\/p>\n<p><span style=\"font-weight: 400;\">C\u00e2nd prin intermediul prezentului site v\u0103 sunt solicitate informa\u021bii, aceasta are ca scop identificarea dumneavoastr\u0103 sau posibilitatea de a v\u0103 contacta. Acest lucru este cu at\u00e2t mai necesar \u00een cazul folosirii aplica\u021biilor disponibile pe site.<\/span><\/p>\n<p><span style=\"font-weight: 400;\">Natura informa\u021biilor solicitate se refer\u0103 \u00een special la date personale (nume, adresa, numere de telefon), adresa de e-mail, modul \u00een care sunt utilizate sau inten\u021bioneaz\u0103 s\u0103 fie utilizate produsele \u0219i\/sau serviciile Robert Instal, dar poate include \u0219i alte informa\u021bii aflate \u00een str\u00e2ns\u0103 leg\u0103tur\u0103 cu utilizarea serviciilor \u0219i\/sau produselor solicitate.<\/span><\/p>\n<p><span style=\"font-weight: 400;\">Cu scopul de a r\u0103spunde mai bine nevoilor \u0219i \u00eentreb\u0103rilor utilizatorilor site-ului, informa\u021biile solicitate prin intermediul acestui site vor face obiectul unei stoc\u0103ri \u0219i prelucr\u0103ri electronice.<\/span><\/p>\n<p><b>LEGATURA CU ALTE SITE-URI<\/b><\/p>\n<p><span style=\"font-weight: 400;\">Prezentul site poate con\u021bine leg\u0103turi sau trimiteri c\u0103tre alte site-uri considerate de Robert Instal utile \u00een leg\u0103tur\u0103 cu con\u021binutul site-ului sau \u0219i care nu se afl\u0103 sub controlul sau \u00eendrumarea sa. \u00cen cazul utiliz\u0103rii acestor leg\u0103turi sau trimiteri se vor aplica condi\u021biile generale de utilizare corespunz\u0103toare acelor site-uri.<\/span><\/p>\n<p><span style=\"font-weight: 400;\">Robert Instal nu poate garanta \/ controla actualitatea \/ exactitatea informa\u021biilor prezente pe site-urile unor ter\u021bi, la care se face trimitere de pe site-ul s\u0103u.<\/span><\/p>\n<p><b>INFORMA\u021aIILE OFERITE PRIN INTERMEDIUL SITE-ULUI<\/b><\/p>\n<p><span style=\"font-weight: 400;\">Orice persoan\u0103 care viziteaz\u0103 site-ul www.robertinstal.ro \u0219i care ofer\u0103 date sau informa\u021bii cu caracter personal prin intermediul acestui site \u00ee\u0219i manifest\u0103 acordul \u00een mod expres \u0219i neechivoc pentru urm\u0103toarele: prelucrarea acestor date \u0219i informa\u021bii personale de c\u0103tre Robert Instal; transmiterii de materiale promo\u021bionale specifice opera\u021biunilor de marketing direct; solu\u021bionarea de c\u0103tre Robert Instal a cererilor, \u00eentreb\u0103rilor \u0219i reclama\u021biilor adresate (a se vedea pagina Contact din site); alte activit\u0103\u021bi \u00eentreprinse de Robert Instal \u0219i permise de lege, ce nu fac obiectul unei aprob\u0103ri din partea destinatarului.<\/span><\/p>\n<p><span style=\"font-weight: 400;\">Robert Instal va p\u0103stra confiden\u021bialitatea acestor informa\u021bii.<\/span><\/p>\n<p><span style=\"font-weight: 400;\">Utilizarea \u00een continuare a acestui site constituie acordul expres \u0219i neechivoc al dumneavoastr\u0103 \u00een conformitate cu prevederile legii 677\/2001 \u0219i directivelor GDPR pentru protec\u021bia persoanelor cu privire la prelucrarea datelor cu caracter personal \u0219i libera circula\u021bie a acestor date.<\/span><\/p>\n<p><span style=\"font-weight: 400;\">Pentru orice nel\u0103murire \u00een leg\u0103tur\u0103 cu exercitarea drepturilor dumneavoastr\u0103 referitoare la utilizarea site-ului \u0219i la protec\u021bia utiliz\u0103rii v\u0103 rug\u0103m s\u0103 ne contacta\u021bi prin intermediul sec\u021biunii Contact din site.<\/span><\/p>\n<p>[\/et_pb_text][\/et_pb_column][\/et_pb_row][\/et_pb_section]<\/p>\n","protected":false},"excerpt":{"rendered":"<p>Termeni \u0219i condi\u021bii &nbsp; ACCEPTAREA CONDI\u021aIILOR Prin accesarea acestui site web \u0219i\/sau a oric\u0103rei pagini a acestuia sunte\u021bi de acord cu aceste condi\u021bii de utilizare. Dac\u0103 nu sunte\u021bi de acord cu ace\u0219ti termeni \u0219i condi\u021bii de utilizare, nu accesa\u021bi acest website. DESCRIEREA SERVICIILOR Site-ul nostru v\u0103 pune la dispozi\u021bie informa\u021biile \u00een scop informativ general \u0219i nu garanteaz\u0103 de exactitatea lor la un moment dat, de\u0219i se va \u00eencerca pe c\u00e2t posibil ca la publicarea lor pe site, toate informa\u021biile s\u0103 fie exacte. INTRODUCERE Prezentele Condi\u021bii Generale definesc condi\u021biile de utilizare a site-ului www.robertinstal.ro de c\u0103tre poten\u021bialii vizitatori sau clien\u021bi. Acces\u00e2nd \u0219i navig\u00e2nd pe acest site, accepta\u021bi termenii de utilizare descri\u0219i \u00een continuare. DREPTURILE ASUPRA CON\u021aINUTULUI SITE-ULUI ROBERT INSTAL SRL (denumit\u0103 \u00een continuare Robert Instal), nu va transfera titlul de proprietate asupra aplica\u021biilor software. Robert Instal de\u021bine drepturi complete \u0219i depline asupra titlului de proprietate \u0219i prin aceasta toate drepturile de autor \u0219i cele brevetate. Nu ave\u021bi dreptul s\u0103 redistribui\u021bi, vinde\u021bi, decompila\u021bi, dezasambla\u021bi aplica\u021bia software \u00eentr-o form\u0103 perceptibil\u0103 de c\u0103tre oameni. Toate informa\u021biile, produsele sau aplica\u021biile con\u021binute \u00een acest site sunt proprietatea Robert Instal, care \u00ee\u0219i rezerv\u0103 dreptul de a modifica con\u021binutul \u0219i\/sau structura site-ului \u00een orice moment \u0219i f\u0103r\u0103 nici [&hellip;]<\/p>\n","protected":false},"author":1,"featured_media":0,"parent":0,"menu_order":0,"comment_status":"closed","ping_status":"closed","template":"","meta":{"_et_pb_use_builder":"on","_et_pb_old_content":"<!-- wp:divi\/placeholder \/-->","_et_gb_content_width":"","footnotes":""},"class_list":["post-260994","page","type-page","status-publish","hentry"],"_links":{"self":[{"href":"https:\/\/dev.robertinstal.ro\/wp51\/wp-json\/wp\/v2\/pages\/260994","targetHints":{"allow":["GET"]}}],"collection":[{"href":"https:\/\/dev.robertinstal.ro\/wp51\/wp-json\/wp\/v2\/pages"}],"about":[{"href":"https:\/\/dev.robertinstal.ro\/wp51\/wp-json\/wp\/v2\/types\/page"}],"author":[{"embeddable":true,"href":"https:\/\/dev.robertinstal.ro\/wp51\/wp-json\/wp\/v2\/users\/1"}],"replies":[{"embeddable":true,"href":"https:\/\/dev.robertinstal.ro\/wp51\/wp-json\/wp\/v2\/comments?post=260994"}],"version-history":[{"count":3,"href":"https:\/\/dev.robertinstal.ro\/wp51\/wp-json\/wp\/v2\/pages\/260994\/revisions"}],"predecessor-version":[{"id":260997,"href":"https:\/\/dev.robertinstal.ro\/wp51\/wp-json\/wp\/v2\/pages\/260994\/revisions\/260997"}],"wp:attachment":[{"href":"https:\/\/dev.robertinstal.ro\/wp51\/wp-json\/wp\/v2\/media?parent=260994"}],"curies":[{"name":"wp","href":"https:\/\/api.w.org\/{rel}","templated":true}]}}