{"id":260986,"date":"2025-02-21T13:51:51","date_gmt":"2025-02-21T11:51:51","guid":{"rendered":"https:\/\/dev.robertinstal.ro\/wp51\/?page_id=260986"},"modified":"2025-02-21T14:07:20","modified_gmt":"2025-02-21T12:07:20","slug":"politica-de-confidentialitate","status":"publish","type":"page","link":"https:\/\/dev.robertinstal.ro\/wp51\/politica-de-confidentialitate\/","title":{"rendered":"Politica de confiden\u021bialitate"},"content":{"rendered":"<p>[et_pb_section fb_built=&#8221;1&#8243; theme_builder_area=&#8221;post_content&#8221; _builder_version=&#8221;4.27.4&#8243; _module_preset=&#8221;default&#8221;][et_pb_row _builder_version=&#8221;4.27.4&#8243; _module_preset=&#8221;default&#8221; theme_builder_area=&#8221;post_content&#8221;][et_pb_column _builder_version=&#8221;4.27.4&#8243; _module_preset=&#8221;default&#8221; type=&#8221;4_4&#8243; theme_builder_area=&#8221;post_content&#8221;][et_pb_text _builder_version=&#8221;4.27.4&#8243; _module_preset=&#8221;default&#8221; theme_builder_area=&#8221;post_content&#8221; header_font=&#8221;|700|||||||&#8221; hover_enabled=&#8221;0&#8243; sticky_enabled=&#8221;0&#8243;]<\/p>\n<h1>Politica de confiden\u021bialitate<\/h1>\n<p>&nbsp;<\/p>\n<ol>\n<li><b> Informa\u021bii generale<\/b><\/li>\n<\/ol>\n<p><span style=\"font-weight: 400;\">Confiden\u021bialitatea datelor dumneavoastr\u0103 cu caracter personal reprezint\u0103 una dintre preocup\u0103rile principale ale SC Robert Instal SRL, cu sediul pe str. Horea 124, Ha\u021beg, jud. Hunedoara, Rom\u00e2nia, \u00een calitate de operator de date (denumit\u0103 \u00een continuare Robert Instal).<\/span><\/p>\n<p><span style=\"font-weight: 400;\">Acest document are rolul de a v\u0103 informa cu privire la prelucrarea datelor dumneavoastr\u0103 cu caracter personal, \u00een contextul utiliz\u0103rii paginii de internet www.robertinstal.ro. (\u201eSite-ul\u201d).<\/span><\/p>\n<ol>\n<li><b> Categoriile de date cu caracter personal prelucrate<\/b><\/li>\n<\/ol>\n<p><span style=\"font-weight: 400;\">II.1. Dac\u0103 sunte\u021bi client al Site-ului, Robert Instal va prelucra datele dumneavoastr\u0103 cu caracter personal, cum ar fi nume \u015fi prenume, telefon, adresa de e-mail, adresa de facturare, adresa de livrare, date referitoare la modul \u00een care utiliza\u021bi Site-ul, de exemplu comportamentul\/ preferin\u0163ele\/ obi\u015fnuin\u021bele dumneavoastr\u0103 \u00een cadrul www.robertinstal.ro, precum \u0219i orice alte categorii de date pe care le furniza\u021bi \u00een mod direct \u00een contextul cre\u0103rii contului de utilizator, \u00een contextul plas\u0103rii unei comenzi prin intermediul site-ului sau \u00een orice alt mod care rezult\u0103 din utilizarea Site-ului.<\/span><\/p>\n<p><span style=\"font-weight: 400;\">Dac\u0103 pentru a v\u0103 crea cont de utilizator pe Site, utiliza\u021bi contul dumneavoastr\u0103 de Facebook sau Google, Robert Instal. va prelucra urm\u0103toarele date publice de profil afi\u015fate de aplica\u0163iile respective: nume utilizator, adresa de e-mail.<\/span><\/p>\n<p><span style=\"font-weight: 400;\">\u00cen cazul \u00een care alege\u021bi s\u0103 v\u0103 crea\u021bi cont de utilizator doar \u00eenainte de a finaliza comanda unui produs disponibil pe Site, se va solicita adresa dumneavoastr\u0103 de e-mail \u00een baza c\u0103reia va fi creat automat un cont. \u00cen cazul \u00een care nu finaliza\u021bi comanda, adresa de e-mail \u0219i celelalte date furnizate nu vor fi stocate de Robert Instal, iar contul creat va fi \u0219ters automat.<\/span><\/p>\n<p><span style=\"font-weight: 400;\">II.2. Dac\u0103 sunte\u021bi vizitator al Site-ului, Robert Instal va prelucra datele dumneavoastr\u0103 cu caracter personal pe care le furniza\u021bi \u00een mod direct \u00een contextul utiliz\u0103rii Site-ului, cum ar fi datele pe care le furniza\u021bi \u00een cadrul sec\u021biunii de contact \/ \u00eentreb\u0103ri \/ reclama\u021bii, \u00een m\u0103sura \u00een care ne contacta\u021bi \u00een acest fel.<\/span><\/p>\n<p><span style=\"font-weight: 400;\"><\/p>\n<p><\/span><\/p>\n<p><b>III. Scopurile \u0219i temeiurile de prelucr\u0103rii<\/b><\/p>\n<p><span style=\"font-weight: 400;\">III.1. Dac\u0103 sunte\u021bi client al Site-ului, Robert Instal prelucreaz\u0103 datele dumneavoastr\u0103 cu caracter personal astfel:<\/span><\/p>\n<ul>\n<li style=\"font-weight: 400;\" aria-level=\"1\"><span style=\"font-weight: 400;\">pentru desf\u0103\u0219urarea rela\u021biei contractuale dintre dumneavoastr\u0103 \u015fi Robert Instal, respectiv pentru preluarea, validarea, expedierea \u015fi facturarea comenzii plasate pe Site, informarea dumneavoastr\u0103 asupra st\u0103rii comenzii, organizarea returului de produse comandate etc.<\/span><\/li>\n<\/ul>\n<p><span style=\"font-weight: 400;\">Temei: Prelucrarea datelor dumneavoastr\u0103 \u00een acest scop are la baz\u0103 contractul \u00eencheiat \u00eentre dumneavoastr\u0103 \u0219i Robert Instal, definit \u00een cuprinsul Termenelor \u0219i Condi\u021biilor. Furnizarea datelor dumneavoastr\u0103 cu caracter personal este necesar\u0103 pentru executareaa acestui contract. Refuzul furniz\u0103rii datelor poate avea drept consecin\u021b\u0103 imposibilitatea derul\u0103rii raporturilor contractuale dintre dumneavoastr\u0103 \u0219i Robert Instal.<\/span><\/p>\n<ul>\n<li style=\"font-weight: 400;\" aria-level=\"1\"><span style=\"font-weight: 400;\">pentru \u00eendeplinirea obliga\u021biilor legale care incumb\u0103 Robert Instal \u00een contextul serviciilor prestate prin intermediul Site-ului, inclusiv a obliga\u021biilor \u00een materie fiscal\u0103, precum \u0219i \u00een materie de arhivare.<\/span><\/li>\n<\/ul>\n<p><span style=\"font-weight: 400;\">Temei: Prelucrarea datelor dumneavoastr\u0103 pentru acest scop este necesar\u0103 \u00een baza unor obliga\u021bii legale. Furnizarea datelor dumneavoastr\u0103 \u00een acest scop este necesar\u0103. Refuzul furniz\u0103rii datelor poate avea drept consecin\u021b\u0103 imposibilitatea Robert Instal de a respecta obliga\u021biile legale care \u00eei revin \u0219i deci \u00een imposibilitatea de a v\u0103 oferi serviciile prin intermediul Site-ului.<\/span><\/p>\n<ul>\n<li style=\"font-weight: 400;\" aria-level=\"1\"><span style=\"font-weight: 400;\">pentru activit\u0103\u0163i de marketing, respectiv pentru transmiterea, prin intermediul mijloacelor de comunicare la distan\u0163\u0103 (e-mail, sms) de comunic\u0103ri comerciale privind produsele \u015fi serviciile oferite de Robert Instal, prin intermediul Site-ului.<\/span><\/li>\n<\/ul>\n<p><span style=\"font-weight: 400;\">Temei: Prelucrarea datelor dumneavoastr\u0103 pentru acest scop are la baz\u0103 consim\u021b\u0103m\u00e2ntul dumneavoastr\u0103, dac\u0103 alege\u021bi s\u0103-l furniza\u021bi.<\/span><\/p>\n<p><span style=\"font-weight: 400;\">V\u0103 pute\u021bi exprima consim\u021b\u0103m\u00e2ntul pentru prelucrarea datelor \u00een acest scop prin bifarea c\u0103su\u021bei corespunz\u0103toare de la momentul cre\u0103rii contului, sau ulterior cre\u0103rii contului, la sec\u021biunea Informa\u021biile contului meu. Pentru dezabonarea de la primirea unor astfel de comunic\u0103ri comerciale pute\u021bi folosi op\u0163iunea de la finalul fiec\u0103rui e-mail\/ sms con\u0163in\u00e2nd comunic\u0103ri comerciale. \u00cen plus, pute\u021bi s\u0103 v\u0103 dezabona\u021bi prin accesarea sec\u021biunii Informa\u021biile contului meu.<\/span><\/p>\n<p><span style=\"font-weight: 400;\">Furnizarea datelor dumneavoastr\u0103 \u00een acest scop este voluntar\u0103. Refuzul furniz\u0103rii consim\u021b\u0103m\u00e2ntului pentru prelucrarea datelor dumneavoastr\u0103 \u00een acest scop nu va avea urm\u0103ri negative pentru dumneavoastr\u0103.<\/span><\/p>\n<ul>\n<li style=\"font-weight: 400;\" aria-level=\"1\"><span style=\"font-weight: 400;\">\u00een scopul efectu\u0103rii diverselor analize, raport\u0103ri privind modul de func\u021bionare a Site-ului, realizarea de profiluri de preferin\u0163e de consum, \u00een principal, \u00een vederea \u00eembun\u0103t\u0103\u0163iri experien\u021bei oferite pe Site.<\/span><\/li>\n<\/ul>\n<p><span style=\"font-weight: 400;\">Temei: Prelucrarea datelor dumneavoastr\u0103 pentru acest scop are la baz\u0103 interesul legitim al Robert Instal de a \u00eembun\u0103t\u0103\u021bii permanent experien\u021ba clien\u021bilor pe Site. Furnizarea datelor dumneavoastr\u0103 \u00een acest scop este voluntar\u0103. Refuzul furniz\u0103rii datelor pentru acest scop nu va avea urm\u0103ri negative pentru dumneavoastr\u0103.<\/span><\/p>\n<p><span style=\"font-weight: 400;\">III.2. Dac\u0103 sunte\u021bi vizitator al Site-ului, Robert Instal prelucreaz\u0103 datele dumneavoastr\u0103 cu caracter personal astfel:<\/span><\/p>\n<ul>\n<li style=\"font-weight: 400;\" aria-level=\"1\"><span style=\"font-weight: 400;\">pentru activit\u0103\u0163i de marketing, respectiv pentru transmiterea, prin intermediul mijloacelor de comunicare la distan\u0163\u0103 (e-mail, sms), de comunic\u0103ri comerciale privind produsele \u015fi serviciile oferite de Robert Instal, prin intermediul Site-ului.<\/span><\/li>\n<\/ul>\n<p><span style=\"font-weight: 400;\">Temei: Prelucrarea datelor dumneavoastr\u0103 pentru acest scop are la baz\u0103 consim\u021b\u0103m\u00e2ntul dumneavoastr\u0103, dac\u0103 alege\u021bi s\u0103-l furniza\u021bi.<\/span><\/p>\n<p><span style=\"font-weight: 400;\">V\u0103 pute\u021bi exprima consim\u021b\u0103m\u00e2ntul pentru prelucrarea datelor \u00een acest scop prin completarea \u0219i bifarea c\u0103su\u021bei corespunz\u0103toare din formularul pentru abonarea la newsletter disponibil pe Site. Pentru dezabonarea de la primirea unor astfel de comunic\u0103ri comerciale pute\u021bi folosi op\u0163iunea de la finalul fiec\u0103rui e-mail\/ sms con\u0163in\u00e2nd comunic\u0103ri comerciale.<\/span><\/p>\n<p><span style=\"font-weight: 400;\">Furnizarea datelor dumneavoastr\u0103 \u00een acest scop este voluntar\u0103. Refuzul furniz\u0103rii consim\u021b\u0103m\u00e2ntului pentru prelucrarea datelor dumneavoastr\u0103 \u00een acest scop nu va avea urm\u0103ri negative pentru dumneavoastr\u0103.<\/span><\/p>\n<ul>\n<li style=\"font-weight: 400;\" aria-level=\"1\"><span style=\"font-weight: 400;\">pentru rezolvarea pl\u00e2ngerilor, reclama\u0163iilor \u015fi pentru a monitoriza traficul \u0219i a \u00eembun\u0103t\u0103\u0163ii experien\u021ba dumneavoastr\u0103 oferit\u0103 pe Site.<\/span><\/li>\n<\/ul>\n<p><span style=\"font-weight: 400;\">Temei: Prelucrarea datelor dumneavoastr\u0103 pentru acest scop are la baz\u0103 interesul legitim al Robert Instal de a asigura func\u021bionarea corect\u0103 a Site-ului, precum \u0219i pentru a \u00eembun\u0103t\u0103\u021bii permanent experien\u021ba vizitatorilor Site-ului, inclusiv prin solu\u021bionarea diferitelor comentarii, \u00eentreb\u0103ri sau reclama\u021bii.<\/span><\/p>\n<p><span style=\"font-weight: 400;\">Furnizarea datelor dumneavoastr\u0103 \u00een acest scop este voluntar\u0103. Refuzul furniz\u0103rii datelor pentru acest scop nu va avea urm\u0103ri negative pentru dumneavoastr\u0103.<\/span><\/p>\n<ol>\n<li><b> Durata pentru care v\u0103 prelucr\u0103m datele<\/b><\/li>\n<\/ol>\n<p><span style=\"font-weight: 400;\">Ca principiu, Robert Instal va prelucra datele dumneavoastr\u0103 cu caracter personal at\u00e2t c\u00e2t este necesar pentru realizarea scopurilor de prelucrare men\u021bionate mai sus.<\/span><\/p>\n<p><span style=\"font-weight: 400;\">\u00cen cazul \u00een care sunte\u021bi client, vom prelucra datele dumneavoastr\u0103 pe \u00eentreaga durat\u0103 a raporturilor contractuale \u0219i ulterior conform obliga\u0163iilor legale care revin \u00een sarcina Robert Instal (de ex., \u00een cazul documentelor justificative financiar-contabile pentru care termenul de p\u0103strare prev\u0103zut de lege este de 10 ani de la data \u00eencheierii exerci\u0163iului financiar \u00een cursul c\u0103ruia au fost \u00eentocmite).<\/span><\/p>\n<p><span style=\"font-weight: 400;\">\u00cen situa\u021bia \u00een care sunte\u021bi client \u0219i v\u0103 exercita\u021bi op\u021biunea de \u015ftergere a contului de utilizator, prin ap\u0103sarea butonul \u0218tergere cont din sec\u021biunea Informa\u021biile contului meu, Robert Instal va interpreta aceast\u0103 ac\u021biune ca op\u021biunea dumneavoastr\u0103 de a v\u0103 dezabona de la primirea de comunic\u0103ri comerciale prin care v\u0103 \u021binem la curent despre produsele \u0219i serviciile oferite prin intermediul site-ului. \u00cen acest sens, dac\u0103 alege\u021bi s\u0103 v\u0103 \u0219terge\u021bi contul de utilizator, nu v\u0103 vom mai trimite e-mailuri \u0219i\/sau sms-uri de acest gen. Totu\u0219i, dorim s\u0103 v\u0103 inform\u0103m c\u0103 \u0219tergerea contului nu va avea ca efect automat \u0219tergerea datelor dumneavoastr\u0103 cu caracter personal. \u00cen cazul \u00een care dori\u021bi s\u0103 nu v\u0103 mai fie prelucrate datele cu caracter personal sau dac\u0103 dori\u021bi \u0219tergerea datelor, v\u0103 pute\u021bi exercita drepturile detaliate la punctul VII de mai jos.. \u00cen cazul \u00een care solicita\u021bi \u015ftergerea contului, \u00eens\u0103 pe acel cont exist\u0103 cel pu\u0163in o comand\u0103 activ\u0103, cererea de \u015ftergere a contului va putea fi \u00eenregistrat\u0103 numai dup\u0103 livrarea produselor \u015fi finalizarea ultimei comenzi active.<\/span><\/p>\n<p><span style=\"font-weight: 400;\">Dac\u0103 v\u0103 retrage\u021bi consim\u021b\u0103m\u00e2ntul pentru prelucrarea datelor \u00een scop de marketing, Robert Instal va \u00eenceta prelucrarea datelor dumneavoastr\u0103 cu caracter personal \u00een acest scop, f\u0103r\u0103 \u00eens\u0103 a afecta prelucr\u0103rile desf\u0103\u0219urate de Robert Instal pe baza consim\u021b\u0103m\u00e2ntului exprimat de c\u0103tre dumneavoastr\u0103 \u00eenainte de retragerea acestuia.<\/span><\/p>\n<ol>\n<li><b> Dezv\u0103luirea datelor cu caracter personal<\/b><\/li>\n<\/ol>\n<p><span style=\"font-weight: 400;\">Pentru \u00eendeplinirea scopurilor de prelucrare, Robert Instal poate dezv\u0103lui datele dumneavoastr\u0103 c\u0103tre parteneri, c\u0103tre ter\u021be persoane sau entit\u0103\u021bi care sprijin\u0103 Robert Instal \u00een desf\u0103\u0219urarea activit\u0103\u021bii prin intermediul Site-ului (de exemplu firme de curierat, furnizori de servicii IT), ori c\u0103tre autorit\u0103\u021bile publice centrale\/locale, \u00een urm\u0103toarele cazuri exemplificativ enumerate:<\/span><\/p>\n<ul>\n<li style=\"font-weight: 400;\" aria-level=\"1\"><span style=\"font-weight: 400;\">pentru administrarea Site-ului;<\/span><\/li>\n<li style=\"font-weight: 400;\" aria-level=\"1\"><span style=\"font-weight: 400;\">\u00een situa\u021biile \u00een care aceast\u0103 comunicare ar fi necesar\u0103 pentru atribuirea de premii sau alte facilit\u0103\u021bi persoanelor vizate, ob\u021binute ca urmare a particip\u0103rii lor la diverse campanii promo\u021bionale organizate de c\u0103tre Robert Instal prin intermediul Site-ului;<\/span><\/li>\n<li style=\"font-weight: 400;\" aria-level=\"1\"><span style=\"font-weight: 400;\">pentru men\u021binerea, personalizarea \u0219i \u00eembun\u0103t\u0103\u021birea Site-ului \u0219i a serviciilor derulate prin intermediul lui;<\/span><\/li>\n<li style=\"font-weight: 400;\" aria-level=\"1\"><span style=\"font-weight: 400;\">pentru efectuarea analizei datelor, testarea \u0219i cercetarea, monitorizarea tendin\u021belor de utilizare \u0219i activitate, dezvoltarea caracteristicilor de siguran\u021b\u0103 \u0219i autentificarea utilizatorilor;<\/span><\/li>\n<li style=\"font-weight: 400;\" aria-level=\"1\"><span style=\"font-weight: 400;\">pentru transmiterea de comunic\u0103ri comerciale de marketing, \u00een condi\u021biile \u0219i limitele prev\u0103zute de lege;<\/span><\/li>\n<li style=\"font-weight: 400;\" aria-level=\"1\"><span style=\"font-weight: 400;\">atunci c\u00e2nd dezv\u0103luirea datelor cu caracter personal este prev\u0103zut\u0103 de lege etc.<\/span><\/li>\n<\/ul>\n<ol>\n<li><span style=\"font-weight: 400;\"><br \/><\/span><b> Transferul datelor cu caracter personal<\/b><\/li>\n<\/ol>\n<p><span style=\"font-weight: 400;\">Datele cu caracter personal furnizate c\u0103tre Robert Instal pot fi transferate \u00een afara Rom\u00e2niei, dar doar c\u0103tre state din Uniunea European\u0103.<\/span><\/p>\n<p><b>VII. Drepturile de care beneficia\u021bi<\/b><\/p>\n<p><span style=\"font-weight: 400;\">\u00cen condi\u021biile prev\u0103zute de legisla\u021bia \u00een materia prelucr\u0103rii datelor cu caracter personal, \u00een calitate de persoane vizate, beneficia\u021bi de urm\u0103toarele drepturi:<\/span><\/p>\n<ul>\n<li style=\"font-weight: 400;\" aria-level=\"1\"><span style=\"font-weight: 400;\">dreptul la informare, respectiv dreptul de a primi detalii privind activit\u0103\u021bile de prelucrare efectuate de c\u0103tre Robert Instal, conform celor descrise \u00een prezentul document;<\/span><\/li>\n<li style=\"font-weight: 400;\" aria-level=\"1\"><span style=\"font-weight: 400;\">dreptul de acces la date, respectiv dreptul de a ob\u021bine confirmarea din partea Robert Instal cu privire la prelucrarea datelor cu caracter personal, precum \u0219i detalii privind activit\u0103\u021bile de prelucrare precum modalitatea \u00een care sunt prelucrate datele, scopul \u00een care se face prelucrarea, destinatarii sau categoriile de destinatari ai datelor, etc;<\/span><\/li>\n<li style=\"font-weight: 400;\" aria-level=\"1\"><span style=\"font-weight: 400;\">dreptul la rectificare, respectiv dreptul de a ob\u021bine corectarea, f\u0103r\u0103 \u00eent\u00e2rzieri justificate, de c\u0103tre Robert Instal a datelor cu caracter personal inexacte\/ nejustificate, precum \u0219i completarea datelor incomplete; Rectificarea\/ completarea va fi comunicat\u0103 fiec\u0103rui destinatar la care au fost transmise datele, cu excep\u021bia cazului \u00een care acest lucru se dovede\u0219te imposibil sau presupune eforturi dispropor\u021bionate.<\/span><\/li>\n<li style=\"font-weight: 400;\" aria-level=\"1\"><span style=\"font-weight: 400;\">dreptul la \u0219tergerea datelor, f\u0103r\u0103 \u00eent\u00e2rzieri nejustificate, (\u201edreptul de a fi uitat\u201d), \u00een cazul \u00een care se aplic\u0103 unul dintre urm\u0103toarele motive:<\/span><\/li>\n<ul>\n<li style=\"font-weight: 400;\" aria-level=\"2\"><span style=\"font-weight: 400;\">acestea nu mai sunt necesare pentru \u00eendeplinirea scopurilor pentru care au fost colectate sau prelucrate;<\/span><\/li>\n<li style=\"font-weight: 400;\" aria-level=\"2\"><span style=\"font-weight: 400;\">\u00een cazul \u00een care este retras consim\u021b\u0103m\u00e2ntul \u0219i nu exist\u0103 niciun alt temei juridic pentru prelucrare;<\/span><\/li>\n<li style=\"font-weight: 400;\" aria-level=\"2\"><span style=\"font-weight: 400;\">\u00een cazul \u00een care persoana vizat\u0103 se opune prelucr\u0103rii \u0219i nu exist\u0103 motive legitime care s\u0103 prevaleze;<\/span><\/li>\n<li style=\"font-weight: 400;\" aria-level=\"2\"><span style=\"font-weight: 400;\">\u00een cazul \u00een care datele cu caracter personal au fost prelucrate ilegal;<\/span><\/li>\n<li style=\"font-weight: 400;\" aria-level=\"2\"><span style=\"font-weight: 400;\">\u00een cazul \u00een care datele cu caracter personal trebuie \u0219terse pentru respectarea unei obliga\u021bii legale;<\/span><\/li>\n<li style=\"font-weight: 400;\" aria-level=\"2\"><span style=\"font-weight: 400;\">datele cu caracter personal au fost colectate \u00een leg\u0103tur\u0103 cu oferirea de servicii ale societ\u0103\u021bii informa\u021bionale conform dreptului Uniunii sau al dreptului intern sub inciden\u021ba c\u0103ruia se afl\u0103 operatorul.<\/span><\/li>\n<\/ul>\n<\/ul>\n<p><span style=\"font-weight: 400;\">Este po\u0219ibil ca, \u00een urma solicit\u0103rii de \u0219tergere a datelor, Robert Instal s\u0103 anonimizeze aceste date (lipsindu-le astfel de caracterul personal) \u0219i s\u0103 continue \u00een aceste condi\u021bii prelucrarea pentru scopuri statistice;<\/span><\/p>\n<ul>\n<li style=\"font-weight: 400;\" aria-level=\"1\"><span style=\"font-weight: 400;\">dreptul la restric\u021bionarea prelucr\u0103rii \u00een m\u0103sura \u00een care:<\/span><\/li>\n<ul>\n<li style=\"font-weight: 400;\" aria-level=\"2\"><span style=\"font-weight: 400;\">persoana contest\u0103 exactitatea datelor, pe o perioad\u0103 care ne permite verificarea corectitudinii datelor;<\/span><\/li>\n<li style=\"font-weight: 400;\" aria-level=\"2\"><span style=\"font-weight: 400;\">prelucrarea este ilegal\u0103, iar persoana vizat\u0103 se opune \u0219tergerii datelor cu caracter personal, solicit\u00e2nd \u00een schimb restric\u021bionarea utiliz\u0103rii lor;<\/span><\/li>\n<li style=\"font-weight: 400;\" aria-level=\"2\"><span style=\"font-weight: 400;\">operatorul nu mai are nevoie de datele cu caracter personal \u00een scopul prelucr\u0103rii, dar persoana vizat\u0103 i le solicit\u0103 pentru constatarea, exercitarea sau ap\u0103rarea unui drept \u00een instan\u021b\u0103; sau<\/span><\/li>\n<li style=\"font-weight: 400;\" aria-level=\"2\"><span style=\"font-weight: 400;\">persoana vizat\u0103 s-a opus prelucr\u0103rii (altele dec\u00e2t cele de marketing direct), pentru intervalul de timp \u00een care se verific\u0103 dac\u0103 drepturile legitime ale operatorului prevaleaz\u0103 asupra celor ale persoanei vizate.<\/span><\/li>\n<\/ul>\n<li style=\"font-weight: 400;\" aria-level=\"1\"><span style=\"font-weight: 400;\">dreptul la portabilitatea datelor, respectiv (i) dreptul de a primi datele cu caracter personal \u00eentr-o modalitate structurat\u0103, folosit\u0103 \u00een mod obi\u0219nuit \u0219i \u00eentr-un format u\u0219or de citit, precum \u0219i (ii) dreptul ca aceste date s\u0103 fie transmise de c\u0103tre Robert Instal c\u0103tre alt operator de date, \u00een m\u0103sura \u00een care sunt \u00eendeplinite condi\u021biile prev\u0103zute de lege;<\/span><\/li>\n<li style=\"font-weight: 400;\" aria-level=\"1\"><span style=\"font-weight: 400;\">dreptul la opozi\u021bie \u2013 \u00een ceea ce prive\u0219te activit\u0103\u021bile de prelucrare se poate exercita prin transmiterea unei solicit\u0103ri conform celor indicate mai jos;<\/span><\/li>\n<ul>\n<li style=\"font-weight: 400;\" aria-level=\"2\"><span style=\"font-weight: 400;\">\u00een orice moment, din motive legate de situa\u021bia particular\u0103 \u00een care se afl\u0103 persoana vizat\u0103, ca datele care o vizeaz\u0103 s\u0103 fie prelucrate \u00een temeiul interesului legitim al Robert Instal sau \u00een temeiul interesului public, cu excep\u021bia cazurilor \u00een care Robert Instal poate demonstra c\u0103 are motive legitime \u0219i imperioase care justific\u0103 prelucarea \u0219i care prevaleaz\u0103 asupra intereselor, drepturilor \u0219i libert\u0103\u021bilor persoanelor vizate sau c\u0103 scopul este constatarea, exercitarea sau ap\u0103rarea unui drept \u00een instan\u021b\u0103;<\/span><\/li>\n<li style=\"font-weight: 400;\" aria-level=\"2\"><span style=\"font-weight: 400;\">\u00een orice moment, \u00een mod gratuit \u0219i f\u0103r\u0103 nicio justificare, c\u0103 datele care o vizeaz\u0103 s\u0103 fie prelucrate \u00een scop de marketing direct.<\/span><\/li>\n<\/ul>\n<li style=\"font-weight: 400;\" aria-level=\"1\"><span style=\"font-weight: 400;\">dreptul de a nu fi supus unei decizii individuale automate, respectiv dreptul de a nu fi subiectul unei decizii luate numai pe baza unor activit\u0103\u021bi de prelucrare automate, inclusiv crearea de profiluri, care produce efecte juridice care privesc persoana vizat\u0103 sau o afecteaz\u0103 \u00een mod similar \u00eentr-o m\u0103sur\u0103 semnificativ\u0103;<\/span><\/li>\n<li style=\"font-weight: 400;\" aria-level=\"1\"><span style=\"font-weight: 400;\">dreptul de a v\u0103 adresa Autorit\u0103\u0163ii Na\u0163ionale de Supraveghere a Prelucr\u0103rii Datelor cu Caracter Personal sau instan\u021belor competente, \u00een m\u0103sura \u00een care considera\u021bi necesar.<\/span><\/li>\n<\/ul>\n<p><span style=\"font-weight: 400;\">Pentru orice \u00eentreb\u0103ri suplimentare cu privire la modul \u00een care datele cu caracter personal sunt prelucrate \u0219i pentru a v\u0103 exercita drepturile men\u021bionate mai sus, v\u0103 rug\u0103m s\u0103 v\u0103 adresa\u021bi la adresa de email: office@robertinstal.ro.<\/span><\/p>\n<p><span style=\"font-weight: 400;\">Aceast\u0103 pagin\u0103 de internet folose\u0219te de asemenea fi\u0219iere de tip cookie. Pentru mai multe informa\u021bii cu privire la modul \u00een care se folosesc aceste fi\u0219iere, v\u0103 rug\u0103m s\u0103 accesa\u021bi Politica de cookie.<\/span><\/p>\n<p><br style=\"font-weight: 400;\" \/><\/p>\n<p>[\/et_pb_text][\/et_pb_column][\/et_pb_row][\/et_pb_section]<\/p>\n","protected":false},"excerpt":{"rendered":"<p>Politica de confiden\u021bialitate &nbsp; Informa\u021bii generale Confiden\u021bialitatea datelor dumneavoastr\u0103 cu caracter personal reprezint\u0103 una dintre preocup\u0103rile principale ale SC Robert Instal SRL, cu sediul pe str. Horea 124, Ha\u021beg, jud. Hunedoara, Rom\u00e2nia, \u00een calitate de operator de date (denumit\u0103 \u00een continuare Robert Instal). Acest document are rolul de a v\u0103 informa cu privire la prelucrarea datelor dumneavoastr\u0103 cu caracter personal, \u00een contextul utiliz\u0103rii paginii de internet www.robertinstal.ro. (\u201eSite-ul\u201d). Categoriile de date cu caracter personal prelucrate II.1. Dac\u0103 sunte\u021bi client al Site-ului, Robert Instal va prelucra datele dumneavoastr\u0103 cu caracter personal, cum ar fi nume \u015fi prenume, telefon, adresa de e-mail, adresa de facturare, adresa de livrare, date referitoare la modul \u00een care utiliza\u021bi Site-ul, de exemplu comportamentul\/ preferin\u0163ele\/ obi\u015fnuin\u021bele dumneavoastr\u0103 \u00een cadrul www.robertinstal.ro, precum \u0219i orice alte categorii de date pe care le furniza\u021bi \u00een mod direct \u00een contextul cre\u0103rii contului de utilizator, \u00een contextul plas\u0103rii unei comenzi prin intermediul site-ului sau \u00een orice alt mod care rezult\u0103 din utilizarea Site-ului. Dac\u0103 pentru a v\u0103 crea cont de utilizator pe Site, utiliza\u021bi contul dumneavoastr\u0103 de Facebook sau Google, Robert Instal. va prelucra urm\u0103toarele date publice de profil afi\u015fate de aplica\u0163iile respective: nume utilizator, adresa de e-mail. \u00cen cazul \u00een care [&hellip;]<\/p>\n","protected":false},"author":1,"featured_media":0,"parent":0,"menu_order":0,"comment_status":"closed","ping_status":"closed","template":"","meta":{"_et_pb_use_builder":"on","_et_pb_old_content":"<!-- wp:divi\/placeholder \/-->","_et_gb_content_width":"","footnotes":""},"class_list":["post-260986","page","type-page","status-publish","hentry"],"_links":{"self":[{"href":"https:\/\/dev.robertinstal.ro\/wp51\/wp-json\/wp\/v2\/pages\/260986","targetHints":{"allow":["GET"]}}],"collection":[{"href":"https:\/\/dev.robertinstal.ro\/wp51\/wp-json\/wp\/v2\/pages"}],"about":[{"href":"https:\/\/dev.robertinstal.ro\/wp51\/wp-json\/wp\/v2\/types\/page"}],"author":[{"embeddable":true,"href":"https:\/\/dev.robertinstal.ro\/wp51\/wp-json\/wp\/v2\/users\/1"}],"replies":[{"embeddable":true,"href":"https:\/\/dev.robertinstal.ro\/wp51\/wp-json\/wp\/v2\/comments?post=260986"}],"version-history":[{"count":3,"href":"https:\/\/dev.robertinstal.ro\/wp51\/wp-json\/wp\/v2\/pages\/260986\/revisions"}],"predecessor-version":[{"id":260989,"href":"https:\/\/dev.robertinstal.ro\/wp51\/wp-json\/wp\/v2\/pages\/260986\/revisions\/260989"}],"wp:attachment":[{"href":"https:\/\/dev.robertinstal.ro\/wp51\/wp-json\/wp\/v2\/media?parent=260986"}],"curies":[{"name":"wp","href":"https:\/\/api.w.org\/{rel}","templated":true}]}}